{"id":1304,"date":"2022-01-04T15:51:15","date_gmt":"2022-01-04T15:51:15","guid":{"rendered":"https:\/\/huaweiturk.com\/?post_type=product&amp;p=1304"},"modified":"2022-01-04T15:51:15","modified_gmt":"2022-01-04T15:51:15","slug":"cloudengine-s6730-h24x6c","status":"publish","type":"product","link":"https:\/\/vditurk.com\/huawei\/cloudengine-s6730-h24x6c\/","title":{"rendered":"CloudEngine S6730-H24X6C"},"content":{"rendered":"<h5><strong>Huawei CloudEngine S6730-H24X6C Switch<\/strong><\/h5>\n<p>CloudEngine S6730-H Serisi 10 GE Anahtarlar\u0131, 1024 WLAN AP\u2019lerine kadar destek sa\u011flamak ad\u0131na yerel Kablosuz Yerel Alan A\u011f\u0131 (WLAN) Eri\u015fim Denetleyicisi (AC) \u00f6zelliklerini entegre ederek kurumsal kamp\u00fcsler, ta\u015f\u0131y\u0131c\u0131lar, y\u00fcksek \u00f6\u011fretim kurumlar\u0131 ve h\u00fck\u00fcmetler i\u00e7in 10 GE a\u015fa\u011f\u0131 ba\u011flant\u0131 ve 100 GE yukar\u0131 ba\u011flant\u0131 ba\u011flant\u0131s\u0131 sunar.<\/p>\n<p>Seri, \u00e7ok ama\u00e7l\u0131 bir a\u011f olu\u015fturarak tutarl\u0131 bir kullan\u0131c\u0131 deneyimi ve Sanal Geni\u015fletilebilir Yerel Alan A\u011f\u0131 (VXLAN) tabanl\u0131 sanalla\u015ft\u0131rma sa\u011flamak i\u00e7in \u00fccretsiz mobilite sunarak, kablolu ve kablosuz a\u011flar\u0131n birle\u015ftirilmesini sa\u011flayarak i\u015flemleri b\u00fcy\u00fck \u00f6l\u00e7\u00fcde basitle\u015ftirir. CloudEngine S6730-H, yerle\u015fik g\u00fcvenlik ara\u015ft\u0131rmalar\u0131yla anormal trafik alg\u0131lamay\u0131, \u015eifreli \u0130leti\u015fim Analiti\u011fini (ECA) ve a\u011f genelinde tehdit aldatmas\u0131n\u0131 destekler.<\/p>\n<h6><span style=\"color: #800000;\">Cihaz detaylar\u0131na a\u015fa\u011f\u0131daki linkten ula\u015fabilirsiniz.<\/span><\/h6>\n<p><a href=\"https:\/\/e.huawei.com\/tr\/products\/enterprise-networking\/switches\/campus-switches\/s6730-h\" target=\"_blank\" rel=\"noopener\">https:\/\/e.huawei.com\/tr\/products\/enterprise-networking\/switches\/campus-switches\/s6730-h<\/a><\/p>\n","protected":false},"excerpt":{"rendered":"<ul>\n<li>24 x 10 GE SFP+,<\/li>\n<li>6 x 40\/100 GE QSFP28,<\/li>\n<li>VXLAN L2 ve L3 a\u011f ge\u00e7itleri,<\/li>\n<li>BGP-EVPN<\/li>\n<\/ul>\n","protected":false},"featured_media":1306,"comment_status":"closed","ping_status":"closed","template":"","meta":[],"product_cat":[112],"product_tag":[80,88,96,97,98,99,116,126,134],"_links":{"self":[{"href":"https:\/\/vditurk.com\/huawei\/wp-json\/wp\/v2\/product\/1304"}],"collection":[{"href":"https:\/\/vditurk.com\/huawei\/wp-json\/wp\/v2\/product"}],"about":[{"href":"https:\/\/vditurk.com\/huawei\/wp-json\/wp\/v2\/types\/product"}],"replies":[{"embeddable":true,"href":"https:\/\/vditurk.com\/huawei\/wp-json\/wp\/v2\/comments?post=1304"}],"wp:featuredmedia":[{"embeddable":true,"href":"https:\/\/vditurk.com\/huawei\/wp-json\/wp\/v2\/media\/1306"}],"wp:attachment":[{"href":"https:\/\/vditurk.com\/huawei\/wp-json\/wp\/v2\/media?parent=1304"}],"wp:term":[{"taxonomy":"product_cat","embeddable":true,"href":"https:\/\/vditurk.com\/huawei\/wp-json\/wp\/v2\/product_cat?post=1304"},{"taxonomy":"product_tag","embeddable":true,"href":"https:\/\/vditurk.com\/huawei\/wp-json\/wp\/v2\/product_tag?post=1304"}],"curies":[{"name":"wp","href":"https:\/\/api.w.org\/{rel}","templated":true}]}}