{"id":1388,"date":"2022-01-10T20:06:00","date_gmt":"2022-01-10T17:06:00","guid":{"rendered":"https:\/\/huaweiturk.com\/?page_id=1388"},"modified":"2022-01-10T20:06:00","modified_gmt":"2022-01-10T17:06:00","slug":"huawei-blog","status":"publish","type":"page","link":"https:\/\/vditurk.com\/huawei\/huawei-blog\/","title":{"rendered":"Blog"},"content":{"rendered":"\n<div class=\"wp-container-10 wp-block-query\">\n<div class=\"wp-block-columns are-vertically-aligned-top\">\n<div class=\"wp-block-column is-vertically-aligned-top\" style=\"flex-basis:100%\">\n<div class=\"wp-container-9 wp-block-group\"><div class=\"wp-block-group__inner-container\"><ul class=\"wp-container-8 is-flex-container columns-3 wp-block-post-template\"><li class=\"wp-block-post post-1489 post type-post status-publish format-standard has-post-thumbnail hentry category-huawei-network-blog tag-huawei tag-huawei-stack tag-huawei-switch tag-swtich-stack\">\n<figure class=\"wp-container-1 wp-block-post-featured-image\"><a href=\"https:\/\/vditurk.com\/huawei\/huawei-switch-stack-configuration\/\"><img width=\"500\" height=\"326\" src=\"https:\/\/vditurk.com\/huawei\/wp-content\/uploads\/2022\/01\/Huawei-Switch-Stack-Kurulumu.webp\" class=\"attachment-post-thumbnail size-post-thumbnail wp-post-image\" alt=\"Huawei Switch Stack Kurulumu\" loading=\"lazy\" srcset=\"https:\/\/vditurk.com\/huawei\/wp-content\/uploads\/2022\/01\/Huawei-Switch-Stack-Kurulumu.webp 500w, https:\/\/vditurk.com\/huawei\/wp-content\/uploads\/2022\/01\/Huawei-Switch-Stack-Kurulumu-300x196.webp 300w\" sizes=\"(max-width: 500px) 100vw, 500px\" \/><\/a><\/figure>\n\n\n<div style=\"height:27px\" aria-hidden=\"true\" class=\"wp-block-spacer\"><\/div>\n\n\n<h4 class=\"has-text-align-left alignwide paddingVDITURK_left paddingVDITURK_right wp-block-post-title\"><a href=\"https:\/\/vditurk.com\/huawei\/huawei-switch-stack-configuration\/\" target=\"_self\" rel=\"\">SWITCH STACK YAPMA<\/a><\/h4>\n\n<div class=\"paddingVDITURK_left paddingVDITURK_right wp-block-post-excerpt\"><p class=\"wp-block-post-excerpt__excerpt\">Huawei switchlerde stack, iki veya daha fazla stack yap\u0131labilen switchlerden olu\u015fan bir network \u00e7\u00f6z\u00fcm\u00fcd\u00fcr. Stack&#8217;e dahil edilen switchler ayr\u0131 ayr\u0131 y\u00f6netilmek yerine tek ip adresinden y\u00f6netilebilirler. Stack topolojisine ba\u011fl\u0131 olarak, stack yap\u0131lan switchler aras\u0131nda her hangi bir ba\u011flant\u0131 veya switchte ar\u0131za olma durumunda stack i\u00e7erisindeki di\u011fer switchler veri aktarmaya devam edebilirler. <\/p><\/div>\n<\/li><li class=\"wp-block-post post-1476 post type-post status-publish format-standard has-post-thumbnail hentry category-huawei-network-blog tag-huawei tag-huawei-poe tag-huawei-switch tag-power-over-ethernet tag-switch-poe\">\n<figure class=\"wp-container-2 wp-block-post-featured-image\"><a href=\"https:\/\/vditurk.com\/huawei\/huawei-switch-poe-configuration\/\"><img width=\"500\" height=\"326\" src=\"https:\/\/vditurk.com\/huawei\/wp-content\/uploads\/2022\/01\/Huawei-Switch-PoE-Bilgileri-ve-Ayarlari.webp\" class=\"attachment-post-thumbnail size-post-thumbnail wp-post-image\" alt=\"Huawei Switch PoE Bilgileri ve Ayarlar\u0131\" loading=\"lazy\" srcset=\"https:\/\/vditurk.com\/huawei\/wp-content\/uploads\/2022\/01\/Huawei-Switch-PoE-Bilgileri-ve-Ayarlari.webp 500w, https:\/\/vditurk.com\/huawei\/wp-content\/uploads\/2022\/01\/Huawei-Switch-PoE-Bilgileri-ve-Ayarlari-300x196.webp 300w\" sizes=\"(max-width: 500px) 100vw, 500px\" \/><\/a><\/figure>\n\n\n<div style=\"height:27px\" aria-hidden=\"true\" class=\"wp-block-spacer\"><\/div>\n\n\n<h4 class=\"has-text-align-left alignwide paddingVDITURK_left paddingVDITURK_right wp-block-post-title\"><a href=\"https:\/\/vditurk.com\/huawei\/huawei-switch-poe-configuration\/\" target=\"_self\" rel=\"\">POE B\u0130LG\u0130LER\u0130 VE AYARLARI<\/a><\/h4>\n\n<div class=\"paddingVDITURK_left paddingVDITURK_right wp-block-post-excerpt\"><p class=\"wp-block-post-excerpt__excerpt\">Huawei switchlerde Ethernet \u00dczerinden G\u00fc\u00e7 (PoE), Ethernet kablolar\u0131 arac\u0131l\u0131\u011f\u0131yla elektrik g\u00fcc\u00fc sa\u011flama y\u00f6ntemidir. Ayr\u0131ca LAN \u00dczerinden G\u00fc\u00e7 (PoL) veya aktif Ethernet olarak da adland\u0131r\u0131l\u0131r. Ip telefonlar, access pointler, kameralar vb. cihazlar yayg\u0131n olarak kullan\u0131ld\u0131\u011f\u0131ndan ethernet \u00fczerinde g\u00fc\u00e7 gereksinimleri acil hale gelir. <\/p><\/div>\n<\/li><li class=\"wp-block-post post-1469 post type-post status-publish format-standard has-post-thumbnail hentry category-huawei-network-blog tag-huawei tag-huawei-master tag-huawei-slave tag-huawei-switch tag-huawei-switchover tag-switch-master-slave\">\n<figure class=\"wp-container-3 wp-block-post-featured-image\"><a href=\"https:\/\/vditurk.com\/huawei\/huawei-switch-master-standby-degistirme-switchover\/\"><img width=\"500\" height=\"326\" src=\"https:\/\/vditurk.com\/huawei\/wp-content\/uploads\/2022\/01\/Huawei-Switch-Master-Standby-Degistirme-Switchover-Huawei-Turkiye_1.webp\" class=\"attachment-post-thumbnail size-post-thumbnail wp-post-image\" alt=\"Huawei Switch Master Standby De\u011fi\u015ftirme - Switchover - Huawei T\u00fcrkiye_1\" loading=\"lazy\" srcset=\"https:\/\/vditurk.com\/huawei\/wp-content\/uploads\/2022\/01\/Huawei-Switch-Master-Standby-Degistirme-Switchover-Huawei-Turkiye_1.webp 500w, https:\/\/vditurk.com\/huawei\/wp-content\/uploads\/2022\/01\/Huawei-Switch-Master-Standby-Degistirme-Switchover-Huawei-Turkiye_1-300x196.webp 300w\" sizes=\"(max-width: 500px) 100vw, 500px\" \/><\/a><\/figure>\n\n\n<div style=\"height:27px\" aria-hidden=\"true\" class=\"wp-block-spacer\"><\/div>\n\n\n<h4 class=\"has-text-align-left alignwide paddingVDITURK_left paddingVDITURK_right wp-block-post-title\"><a href=\"https:\/\/vditurk.com\/huawei\/huawei-switch-master-standby-degistirme-switchover\/\" target=\"_self\" rel=\"\">MASTER \/ STANDBY SWITCH DE\u011e\u0130\u015eT\u0130RME<\/a><\/h4>\n\n<div class=\"paddingVDITURK_left paddingVDITURK_right wp-block-post-excerpt\"><p class=\"wp-block-post-excerpt__excerpt\">Birden \u00e7ok \u00fcyeli anahtar y\u0131\u011f\u0131n\u0131ndaki (switch stack) ana anahtar ar\u0131zal\u0131 oldu\u011funda, bir ana\/yedek anahtar ge\u00e7i\u015fini manuel olarak ger\u00e7ekle\u015ftirebilirsiniz.\u00a0Ana\/yedek ge\u00e7i\u015fi tamamland\u0131ktan sonra, ana anahtar (master) yeniden ba\u015flat\u0131ld\u0131ktan sonra y\u0131\u011f\u0131na kat\u0131l\u0131r ve bekleme (standby) anahtar\u0131 yeni ana anahtar (master) olur. <\/p><\/div>\n<\/li><li class=\"wp-block-post post-1466 post type-post status-publish format-standard has-post-thumbnail hentry category-huawei-network-blog tag-huawei tag-huawei-diagnostic tag-huawei-switch tag-huawei-switch-diagnostic tag-huawei-tanilama\">\n<figure class=\"wp-container-4 wp-block-post-featured-image\"><a href=\"https:\/\/vditurk.com\/huawei\/huawei-switch-tanilama-diagnostic\/\"><img width=\"500\" height=\"326\" src=\"https:\/\/vditurk.com\/huawei\/wp-content\/uploads\/2022\/01\/Huawei-Switch-Tanilama-Bilgilerini-Goruntuleme-Diagnostic-Huawei-Turkiye_1.webp\" class=\"attachment-post-thumbnail size-post-thumbnail wp-post-image\" alt=\"Huawei Switch Tan\u0131lama Bilgilerini G\u00f6r\u00fcnt\u00fcleme - Diagnostic - Huawei T\u00fcrkiye_1\" loading=\"lazy\" srcset=\"https:\/\/vditurk.com\/huawei\/wp-content\/uploads\/2022\/01\/Huawei-Switch-Tanilama-Bilgilerini-Goruntuleme-Diagnostic-Huawei-Turkiye_1.webp 500w, https:\/\/vditurk.com\/huawei\/wp-content\/uploads\/2022\/01\/Huawei-Switch-Tanilama-Bilgilerini-Goruntuleme-Diagnostic-Huawei-Turkiye_1-300x196.webp 300w\" sizes=\"(max-width: 500px) 100vw, 500px\" \/><\/a><\/figure>\n\n\n<div style=\"height:27px\" aria-hidden=\"true\" class=\"wp-block-spacer\"><\/div>\n\n\n<h4 class=\"has-text-align-left alignwide paddingVDITURK_left paddingVDITURK_right wp-block-post-title\"><a href=\"https:\/\/vditurk.com\/huawei\/huawei-switch-tanilama-diagnostic\/\" target=\"_self\" rel=\"\">SWITCH TANILAMA B\u0130LG\u0130LER\u0130N\u0130 G\u00d6R\u00dcNT\u00dcLEME<\/a><\/h4>\n\n<div class=\"paddingVDITURK_left paddingVDITURK_right wp-block-post-excerpt\"><p class=\"wp-block-post-excerpt__excerpt\">Sistem bir hatayla kar\u015f\u0131la\u015ft\u0131\u011f\u0131nda veya rutin bak\u0131m s\u0131ras\u0131nda, t\u00fcm mod\u00fcllerin \u00e7al\u0131\u015fma bilgilerini toplamak i\u00e7in tan\u0131lama bilgilerini g\u00f6r\u00fcnt\u00fcleyebilirsiniz. Te\u015fhis bilgileri esas olarak ar\u0131za tespiti i\u00e7in kullan\u0131l\u0131r. Tan\u0131lama bilgilerinin toplanmas\u0131 sistem performans\u0131n\u0131 etkileyebilir. \u00d6rne\u011fin, CPU kullan\u0131m\u0131n\u0131 art\u0131rabilir. Bu nedenle, sistem normal \u00e7al\u0131\u015f\u0131rken tan\u0131lama bilgilerinin toplanmas\u0131 \u00f6nerilmez. <\/p><\/div>\n<\/li><li class=\"wp-block-post post-1414 post type-post status-publish format-standard has-post-thumbnail hentry category-huawei-network-blog tag-huawei tag-huawei-dis-cur tag-huawei-display-current-configuration tag-huawei-konfigurasyon-goruntuleme\">\n<figure class=\"wp-container-5 wp-block-post-featured-image\"><a href=\"https:\/\/vditurk.com\/huawei\/huawei-switch-ayarlarini-goruntuleme\/\"><img width=\"500\" height=\"326\" src=\"https:\/\/vditurk.com\/huawei\/wp-content\/uploads\/2022\/01\/Huawei-Switch-Mevcut-Ayarlari-Goruntuleme_1.webp\" class=\"attachment-post-thumbnail size-post-thumbnail wp-post-image\" alt=\"Huawei Switch Mevcut Ayarlar\u0131 G\u00f6r\u00fcnt\u00fcleme_1\" loading=\"lazy\" srcset=\"https:\/\/vditurk.com\/huawei\/wp-content\/uploads\/2022\/01\/Huawei-Switch-Mevcut-Ayarlari-Goruntuleme_1.webp 500w, https:\/\/vditurk.com\/huawei\/wp-content\/uploads\/2022\/01\/Huawei-Switch-Mevcut-Ayarlari-Goruntuleme_1-300x196.webp 300w\" sizes=\"(max-width: 500px) 100vw, 500px\" \/><\/a><\/figure>\n\n\n<div style=\"height:27px\" aria-hidden=\"true\" class=\"wp-block-spacer\"><\/div>\n\n\n<h4 class=\"has-text-align-left alignwide paddingVDITURK_left paddingVDITURK_right wp-block-post-title\"><a href=\"https:\/\/vditurk.com\/huawei\/huawei-switch-ayarlarini-goruntuleme\/\" target=\"_self\" rel=\"\">SWITCH AYARLARINI G\u00d6R\u00dcNT\u00dcLEME<\/a><\/h4>\n\n<div class=\"paddingVDITURK_left paddingVDITURK_right wp-block-post-excerpt\"><p class=\"wp-block-post-excerpt__excerpt\">Huawei Switchte mevcut konfig\u00fcrasyonu g\u00f6r\u00fcnt\u00fclemek i\u00e7in &#8220;display current-configuration&#8221; komutunu \u00e7al\u0131\u015ft\u0131r\u0131n. Bu komut varsay\u0131landa her hangi bir parametre gerektirmez, fakat makale i\u00e7erisinde ki tabloda yer alan ilgili parametreyi ekleyerek komut \u00e7\u0131kt\u0131s\u0131n\u0131 filtreleyebilirsiniz. <\/p><\/div>\n<\/li><li class=\"wp-block-post post-1406 post type-post status-publish format-standard has-post-thumbnail hentry category-huawei-network-blog tag-display-version tag-huawei tag-huawei-bilgi tag-huawei-cihaz-bilgisi tag-huawei-switch tag-huawei-version tag-huawei-versiyon\">\n<figure class=\"wp-container-6 wp-block-post-featured-image\"><a href=\"https:\/\/vditurk.com\/huawei\/huawei-switch-bilgileri-goruntuleme\/\"><img width=\"500\" height=\"326\" src=\"https:\/\/vditurk.com\/huawei\/wp-content\/uploads\/2022\/01\/Huawei-Switch-Bilgilerini-Goruntuleme_1.webp\" class=\"attachment-post-thumbnail size-post-thumbnail wp-post-image\" alt=\"Huawei Switch Bilgilerini G\u00f6r\u00fcnt\u00fcleme_1\" loading=\"lazy\" srcset=\"https:\/\/vditurk.com\/huawei\/wp-content\/uploads\/2022\/01\/Huawei-Switch-Bilgilerini-Goruntuleme_1.webp 500w, https:\/\/vditurk.com\/huawei\/wp-content\/uploads\/2022\/01\/Huawei-Switch-Bilgilerini-Goruntuleme_1-300x196.webp 300w\" sizes=\"(max-width: 500px) 100vw, 500px\" \/><\/a><\/figure>\n\n\n<div style=\"height:27px\" aria-hidden=\"true\" class=\"wp-block-spacer\"><\/div>\n\n\n<h4 class=\"has-text-align-left alignwide paddingVDITURK_left paddingVDITURK_right wp-block-post-title\"><a href=\"https:\/\/vditurk.com\/huawei\/huawei-switch-bilgileri-goruntuleme\/\" target=\"_self\" rel=\"\">SWITCH B\u0130LG\u0130LER\u0130N\u0130 G\u00d6R\u00dcNT\u00dcLEME<\/a><\/h4>\n\n<div class=\"paddingVDITURK_left paddingVDITURK_right wp-block-post-excerpt\"><p class=\"wp-block-post-excerpt__excerpt\">Huawei switch-router gibi cihazlarda donan\u0131m bilgisini veya cihaz\u0131n \u00e7al\u0131\u015fma s\u00fcresini &#8220;display version&#8221; komutu ile g\u00f6rebiliriz. <\/p><\/div>\n<\/li><li class=\"wp-block-post post-1381 post type-post status-publish format-standard has-post-thumbnail hentry category-huawei-network-blog tag-cisco tag-cisco-command tag-cisco-vs-huawei tag-huawei tag-huawei-cisco tag-huawei-command tag-huawei-komut tag-huawei-vs-cisco\">\n<figure class=\"wp-container-7 wp-block-post-featured-image\"><a href=\"https:\/\/vditurk.com\/huawei\/cisco-ve-huawei-komut-karsiliklari\/\"><img width=\"500\" height=\"326\" src=\"https:\/\/vditurk.com\/huawei\/wp-content\/uploads\/2022\/01\/Huawei-Cisco-Komut-Karsiliklari.webp\" class=\"attachment-post-thumbnail size-post-thumbnail wp-post-image\" alt=\"Huawei Cisco Komut Kar\u015f\u0131l\u0131klar\u0131\" loading=\"lazy\" srcset=\"https:\/\/vditurk.com\/huawei\/wp-content\/uploads\/2022\/01\/Huawei-Cisco-Komut-Karsiliklari.webp 500w, https:\/\/vditurk.com\/huawei\/wp-content\/uploads\/2022\/01\/Huawei-Cisco-Komut-Karsiliklari-300x196.webp 300w\" sizes=\"(max-width: 500px) 100vw, 500px\" \/><\/a><\/figure>\n\n\n<div style=\"height:27px\" aria-hidden=\"true\" class=\"wp-block-spacer\"><\/div>\n\n\n<h4 class=\"has-text-align-left alignwide paddingVDITURK_left paddingVDITURK_right wp-block-post-title\"><a href=\"https:\/\/vditurk.com\/huawei\/cisco-ve-huawei-komut-karsiliklari\/\" target=\"_self\" rel=\"\">CISCO VE HUAWEI KOMUT KAR\u015eILIKLARI<\/a><\/h4>\n\n<div class=\"paddingVDITURK_left paddingVDITURK_right wp-block-post-excerpt\"><p class=\"wp-block-post-excerpt__excerpt\">Network cihazlar\u0131 olarak en \u00e7ok kullan\u0131lan Huawei ve Cisco komut sat\u0131rlar\u0131 birbirlerinden farkl\u0131d\u0131r. Huawei ve Cisco komut kar\u015f\u0131l\u0131klar\u0131n\u0131 bu sayfada g\u00f6rebilirsiniz.  Daha fazla destek i\u00e7in bizimle ileti\u015fime ge\u00e7ebilirsiniz. VDITURK Bili\u015fim Teknolojileri <\/p><\/div>\n<\/li><\/ul><\/div><\/div>\n<\/div>\n<\/div>\n<\/div>\n","protected":false},"excerpt":{"rendered":"","protected":false},"author":1,"featured_media":0,"parent":0,"menu_order":0,"comment_status":"closed","ping_status":"closed","template":"","meta":[],"_links":{"self":[{"href":"https:\/\/vditurk.com\/huawei\/wp-json\/wp\/v2\/pages\/1388"}],"collection":[{"href":"https:\/\/vditurk.com\/huawei\/wp-json\/wp\/v2\/pages"}],"about":[{"href":"https:\/\/vditurk.com\/huawei\/wp-json\/wp\/v2\/types\/page"}],"author":[{"embeddable":true,"href":"https:\/\/vditurk.com\/huawei\/wp-json\/wp\/v2\/users\/1"}],"replies":[{"embeddable":true,"href":"https:\/\/vditurk.com\/huawei\/wp-json\/wp\/v2\/comments?post=1388"}],"version-history":[{"count":0,"href":"https:\/\/vditurk.com\/huawei\/wp-json\/wp\/v2\/pages\/1388\/revisions"}],"wp:attachment":[{"href":"https:\/\/vditurk.com\/huawei\/wp-json\/wp\/v2\/media?parent=1388"}],"curies":[{"name":"wp","href":"https:\/\/api.w.org\/{rel}","templated":true}]}}